{"id":3,"date":"2021-03-12T07:33:56","date_gmt":"2021-03-12T07:33:56","guid":{"rendered":"https:\/\/greenify-invest.com\/en\/?page_id=3"},"modified":"2022-10-24T08:18:14","modified_gmt":"2022-10-24T08:18:14","slug":"privacy-policy","status":"publish","type":"page","link":"https:\/\/greenify-invest.com\/en\/privacy-policy\/","title":{"rendered":"Politika privatnosti"},"content":{"rendered":"[et_pb_section fb_built=&#8221;1&#8243; admin_label=&#8221;section&#8221; _builder_version=&#8221;4.16&#8243; global_colors_info=&#8221;{}&#8221;][et_pb_row admin_label=&#8221;row&#8221; _builder_version=&#8221;4.16&#8243; background_size=&#8221;initial&#8221; background_position=&#8221;top_left&#8221; background_repeat=&#8221;repeat&#8221; global_colors_info=&#8221;{}&#8221;][et_pb_column type=&#8221;4_4&#8243; _builder_version=&#8221;4.16&#8243; custom_padding=&#8221;|||&#8221; global_colors_info=&#8221;{}&#8221; custom_padding__hover=&#8221;|||&#8221;][et_pb_text admin_label=&#8221;Text&#8221; _builder_version=&#8221;4.16&#8243; background_size=&#8221;initial&#8221; background_position=&#8221;top_left&#8221; background_repeat=&#8221;repeat&#8221; global_colors_info=&#8221;{}&#8221;]<p><\/p>\n<p><strong>1.DATA PROTECTION OFFICER\u2019S DETAILS<\/strong><\/p>\n<p><\/p>\n<p><\/p>\n<p>Greenify Invest LTD, Dobrise Cesarica 17, Cakovec, +385 99 474 3453, +385 99 474 3454, e-mail:\u00a0<a href=\"mailto:info@greenify-invest.com\/en\">info@greenify-invest.com\/en<\/a><\/p>\n<p><\/p>\n<p><\/p>\n<p><strong>2.PURPOSE AND LEGAL BASIS FOR PROCESSING OF PERSONAL DATA<\/strong><\/p>\n<p><\/p>\n<p><\/p>\n<p>We will collect information about the pages that you visit on this website, the date and time of your visit, your IP address, your web browser, and the website (URL) that you visited before accessing this website, certain cookies (see Section 3. below), and any information that you submit to us using the contact form on the website.<\/p>\n<p><\/p>\n<p><\/p>\n<p>If you send us a message using the contact form, we will collect the information that you provide in the contact form. If you subscribe to our newsletter, we will collect and process your email address.<\/p>\n<p><\/p>\n<p><\/p>\n<p><strong>3.\u00a0<\/strong><strong>COOKIES<\/strong><\/p>\n<p><\/p>\n<p><\/p>\n<ul class=\"wp-block-list\">\n<li>This website uses cookies, textual files which the browser saves to the operating system, for the purposes of producing and tracking visitor statistics, and to adjust user experience.<\/li>\n<li><span style=\"font-size: 14px;\">Cookies can be permanent, meaning that they stay stored on user\u2019s computer after visiting the website, and temporary, meaning they are stored only during the visit to the website.<\/span><\/li>\n<li>This website uses session cookies. Session cookies are used to deliver the basic functions of a website i.e. to allow pages to remember technical changes or selections you may make between pages. Session cookies are temporary cookies and are generally erased when you close your browser.<\/li>\n<\/ul>\n<p><\/p>\n<p><\/p>\n<p><strong>4.\u00a0GOOGLE ANALYTICS<\/strong><\/p>\n<p><\/p>\n<p><\/p>\n<p>This website uses Google Analytics, a web analytics service provided by Google, Inc., 1600 Amphitheatre Parkway Mountain View, CA 94043, USA (\u201cGoogle\u201d). Google Analytics uses cookies to help us analyze how you use this website. The information generated by the cookie about your use of the website will be transmitted to and stored by Google on servers in the United States. If this website anonymizes IP addresses, your IP address will be truncated by Google within a EU member state or other EEA state before being transmitted to the US. Only in exceptional situations will your full IP address be transmitted to Google servers in the United States and truncated there. Google will use this information for the purpose of evaluating your use of the website, compiling reports on website activity for website operators and providing other services relating to website activity and internet usage. Google will not associate your IP address with any other data held by Google. You can prevent Google from collecting information (including your IP address) via cookies and processing this information by downloading this browser plugin and installing it: http:\/\/tools.google.com\/dlpage\/gaoptout.<\/p>\n<p><\/p>\n<p><\/p>\n<p>Further information concerning the terms and conditions of use and data privacy can be found at the\u00a0Google Analytics Terms of Service\u00a0or at theGoogle Analytics Privacy Overview\u00a0. Please note that on this website, Google Analytics is supplemented by &#8220;gat.anonymizeIp();&#8221; to ensure anonymized collection of IP addresses (IP masking).<\/p>\n<p><\/p>\n<p><\/p>\n<p><strong>5.\u00a0FACEBOOK PLUGINS (LIKE-BUTTON)<\/strong><\/p>\n<p><\/p>\n<p><\/p>\n<p>Our pages integrate plugins of the social network Facebook operated by Facebook Inc., 1601 Willow Road, Menlo Park, California, 94025, USA. The Facebook plugins are characterized by the Facebook logo or the \u201cLike-Button\u201d (\u201cLike\u201d) on our website. You can find an overview of Facebook-plugins here: http:\/\/developers.facebook.com\/docs\/plugins\/.<\/p>\n<p><\/p>\n<p><\/p>\n<p>When you visit our pages, the plugin establishes a connection between your browser and the Facebook server. Facebook thereby obtains the information that you have visited our website using your IP address. If you click on the Facebook \u201cLike\u201d button while you are logged into your Facebook account, you can link the content of our pages on your Facebook profile. Thereby Facebook can correlate your visit of our site with your user account. We point out that we as the provider of this website have no knowledge of the content of the transmitted data or how Facebook uses it. For more information, please refer to the privacy statement of Facebook under http:\/\/de-de.facebook.com\/policy.php.<\/p>\n<p><\/p>\n<p><\/p>\n<p><strong>6. ADDTHIS PLUGIN<\/strong><\/p>\n<p><\/p>\n<p><\/p>\n<p>Our website also uses a social bookmarking plugin called \u201cAddThis\u201d which is provided by the Oracle Corporation, 500 Oracle Parkway, Redwood Shores, CA 94065 (\u201cOracle\u201d). Through AddThis, Oracle also provides web analytics services to us. AddThis uses cookies to implement the described functionality. Oracle collects data such as your IP address or your behavior on our website to evaluate your use of our website and compile anonymized reports on website activity. This information will be used by Oracle for the purpose of serving you with targeted advertising. Oracle may transfer the collected information to their servers or third parties outside of the EU\/EEA.<\/p>\n<p><\/p>\n<p><\/p>\n<p>Further details on the categories of collected data and the its processing are available at\u00a0http:\/\/www.addthis.com\/privacy\/privacy-policy\u00a0.<\/p>\n<p><\/p>\n<p><\/p>\n<p>You may object to the collection of data by Oracle by following the instructions at\u00a0http:\/\/www.youronlinechoices.eu\/\u00a0.<\/p>\n<p><\/p>\n<p><\/p>\n<p><strong>7.\u00a0PURPOSES FOR WHICH WE USE YOUR DATA<\/strong><\/p>\n<p><\/p>\n<p><\/p>\n<p>We will use your personal data to provide this website, to generate usage statistics, to improve and further develop this website, to provide real estate services to you, to respond to your requests and messages, to send you our newsletter if you have subscribed to it, to contact you about properties that may interest you, and to analyze your data in aggregate form for business intelligence purposes.<\/p>\n<p><\/p>\n<p><\/p>\n<p><strong>8.\u00a0LEGAL BASIS FOR THE PROCESSING<\/strong><\/p>\n<p><\/p>\n<p><\/p>\n<p>The legal basis for the processing of your data will be our prevailing legitimate interest (as of May 25, 2018, pursuant to Article 6(1)(f) EU General Data Protection Regulation).<\/p>\n<p><\/p>\n<p><\/p>\n<p><strong>9.RETENTION PERIODS<\/strong><\/p>\n<p><\/p>\n<p><\/p>\n<p>We will retain your data for no longer than six months. Notwithstanding the above, if you have subscribed to our newsletter, we will retain you email address until you unsubscribe from our newsletter.<\/p>\n<p><\/p>\n<p><\/p>\n<p><strong>10.YOUR RIGHT AND REMEDIES<\/strong><\/p>\n<p><\/p>\n<p><\/p>\n<p>Under applicable data protection law, you have the rights (i) to check whether and what kind of personal data we hold about you and to access or to request copies of such data, (ii) to request correction, supplementation or deletion of personal data about you that is inaccurate or processed in non-compliance with applicable requirements, (iii) to request that we restrict the collection, processing or use of personal data about you, (iv) in certain circumstances, to object for legitimate reasons to the processing of your personal data, (v) to the extent that your data is processed on the basis of your consent, to request data portability, (vi) to know the identities of third parties to which your personal data are transferred and (vii) to provide instructions on how your data must be handled after your death when relevant. In case of any complaints, you also have the right to lodge a complaint with the competent data protection authority.<\/p>\n<p><\/p>\n<p><\/p>\n<p><strong>11. CHANGES TO OUR PRIVACY POLICY<\/strong><\/p>\n<p><\/p>\n<p>All changes to the Privacy Policy will be posted on this website in a timely manner.<\/p>\n<p><!-- \/wp:post-content --><\/p>[\/et_pb_text][\/et_pb_column][\/et_pb_row][\/et_pb_section]","protected":false},"excerpt":{"rendered":"<p>1.DATA PROTECTION OFFICER\u2019S DETAILS Greenify Invest LTD, Dobrise Cesarica 17, Cakovec, +385 99 474 3453, +385 99 474 3454, e-mail:\u00a0info@greenify-invest.com\/en 2.PURPOSE AND LEGAL BASIS FOR PROCESSING OF PERSONAL DATA We will collect information about the pages that you visit on this website, the date and time of your visit, your IP address, your web browser, [&hellip;]<\/p>\n","protected":false},"author":1,"featured_media":0,"parent":0,"menu_order":0,"comment_status":"closed","ping_status":"closed","template":"","meta":{"_acf_changed":false,"_et_pb_use_builder":"on","_et_pb_old_content":"<!-- wp:paragraph -->\n<p><strong>1<\/strong><strong>.<\/strong><strong>VODITELJ OBRADE<\/strong><\/p>\n<!-- \/wp:paragraph -->\n\n<!-- wp:paragraph -->\n<p>Greenify Invest d.o.o., Dobri\u0161e Cesari\u0107a 17, \u010cakovec, +385 99 474 3453, +385 99 474 3454, e-mail:&nbsp;<a href=\"mailto:info@greenify-invest.com\/en\">info@greenify-invest.com\/en<\/a><\/p>\n<!-- \/wp:paragraph -->\n\n<!-- wp:paragraph -->\n<p><strong>2.SVRHA I PRAVNI TEMELJI ZA OBRADU OSOBNIH PODATAKA<\/strong><\/p>\n<!-- \/wp:paragraph -->\n\n<!-- wp:paragraph -->\n<p>Prikupiti \u0107emo informacije o stranicama koje \u0107ete posjetiti na ovoj internetskoj lokaciji, datumu i vremenu va\u0161e posjete, va\u0161u IP adresu, vrsti preglednika te internetske lokacije (URL) koje ste posjetili prije nego ste pristupili ovoj internetskoj stranici, odre\u0111enim kola\u010di\u0107ima\/cookies (vidi Odjeljak&nbsp;3.&nbsp;u nastavku) kao i sve informacije koje ste nam dostavili koriste\u0107i obrazac za kontakt na internetskoj stranici.<\/p>\n<!-- \/wp:paragraph -->\n\n<!-- wp:paragraph -->\n<p>Ako nam koriste\u0107i kontakt obrazac po\u0161aljete poruku, prikupiti \u0107emo informacije koje ste nam pru\u017eili na takav na\u010din. Ako se prijavite za na\u0161e obavijesti (newsletter), prikupiti \u0107emo i obraditi va\u0161u e-mail adresu.<\/p>\n<!-- \/wp:paragraph -->\n\n<!-- wp:paragraph -->\n<p><strong>3.&nbsp;<\/strong><strong>KORI\u0160TENJE KOLA\u010cI\u0106A (COOKIES)<\/strong><\/p>\n<!-- \/wp:paragraph -->\n\n<!-- wp:list -->\n<ul><li>na slu\u017ebenim internetskim stranicama\u00a0<a href=\"http:\/\/www.greenify-invest.com\/en\/\">www.greenify-invest.com\/en<\/a>\u00a0\u00a0koriste se tzv. kola\u010di\u0107i (cookies) \u2013 tekstualne datoteke koje na ra\u010dunalo korisnika smje\u0161ta internetski poslu\u017eitelj (server), putem kojeg davatelj usluge pristupa Internetu (ISP) prikazuje web stranicu.<\/li><li>kola\u010di\u0107i nastaju kada preglednik na ure\u0111aju korisnika u\u010dita posje\u0107eno mre\u017eno odredi\u0161te, koje potom \u0161alje podatke pregledniku te izra\u0111uje tekstualnu datoteku (kola\u010di\u0107). Preglednik dohva\u0107a i \u0161alje kola\u010di\u0107 na poslu\u017eitelj internetske stranice prilikom povratka korisnika na njega.<\/li><li>na na\u0161im stranicma koriste se\u00a0tehni\u010dki kola\u010di\u0107i (obavezni kola\u010di\u0107i, ne mogu se isklju\u010diti)\u00a0koji su nu\u017eni za funkcioniranje Internet mjesta<\/li><\/ul>\n<!-- \/wp:list -->\n\n<!-- wp:paragraph -->\n<p><strong>4.\u00a0GOOGLE ANALYTICS<\/strong><\/p>\n<!-- \/wp:paragraph -->\n\n<!-- wp:paragraph -->\n<p>Ova internetska stranica koristi usluge Google Analytics analize web stranica koje pru\u017ea Google, Inc., 1600 Amphitheatre Parkway Mountain View, CA 94043, SAD (u daljnjem tekstu \u201cGoogle\u201d). Google Analytics koristi kola\u010di\u0107e kako bi nam pomogao analizirati na\u010din kori\u0161tenja ove internetske stranice. Informacije koje generira kola\u010di\u0107 o va\u0161em kori\u0161tenju internetske stranice se \u0161alju Googlu koji ih pohranjuje na poslu\u017eitelje u Sjedinjenim Dr\u017eavama. Ako se na ovoj internetskoj stranici aktivira anonimizacija IP adrese, va\u0161a IP adresa \u0107e se biti skra\u0107ena unutar dr\u017eave \u010dlanice Europske unije ili u drugim zemljama potpisnicama Sporazuma o Europskom gospodarskom prostoru prije nego se prenese u Sjedinjene Dr\u017eave. Samo u iznimnim slu\u010dajevima puna IP adresa se \u0161alje na Google poslu\u017eitelj u SAD-u gdje se skra\u0107uje. Google \u0107e ove informacije upotrebljavati za analizu va\u0161eg kori\u0161tenja internetske stranice, za kreiranje izvje\u0161taja o web aktivnostima te za pru\u017eanje ostalih usluga povezanih s posjetima web stranice i interneta za operatere vlasnika web stranica. Dostavljenu va\u0161u IP adresu Google ne\u0107e povezivati s ostalim podacima koje je prikupio. Gooogle mo\u017eete sprije\u010diti da pomo\u0107u kola\u010di\u0107a prikuplja i obra\u0111uje ove informacije (uklju\u010duju\u0107i va\u0161u IP adresu) tako da preuzmete i instalirate slijede\u0107i dodatak pregledniku: http:\/\/tools.google.com\/dlpage\/gaoptout<\/p>\n<!-- \/wp:paragraph -->\n\n<!-- wp:paragraph -->\n<p>Ostale informacije vezane uz uvjete kori\u0161tenja i za\u0161titu privatnosti podataka mogu se na\u0107i na&nbsp;<a href=\"https:\/\/www.google.com\/analytics\/terms\/us.html\">Google Analytics - Uvjeti pru\u017eanja usluge&nbsp;<\/a>ili na&nbsp;<a href=\"https:\/\/support.google.com\/analytics\/answer\/6004245\">Google Analytics - Pregled za\u0161tite privatnosti&nbsp;<\/a>. Vodite ra\u010duna da na ovoj internetskoj stranici Google Analytics koristi zna\u010dajku \"gat.anonymizeIp();\" da bi se omogu\u0107ilo skrivanje grupe IP adresa (IP maskiranje).<\/p>\n<!-- \/wp:paragraph -->\n\n<!-- wp:paragraph -->\n<p><strong>5.\u00a0DODATCI ZA FACEBOOK (tipka \"Like\")<\/strong><\/p>\n<!-- \/wp:paragraph -->\n\n<!-- wp:paragraph -->\n<p>Na\u0161e internet stranice koriste dodatke iz dru\u0161tvene mre\u017ee Facebook kojom upravlja Facebook Inc., 1601 Willow Road, Menlo Park, California, 94025, SAD. Dodatci za dru\u0161tvenu mre\u017eu na na\u0161oj web stranici prepoznaju se po Facebook logotipu ili tipci \"Like\". Pregled Facebook dodataka mo\u017eete na\u0107i ovdje: http:\/\/developers.facebook.com\/docs\/plugins\/.<\/p>\n<!-- \/wp:paragraph -->\n\n<!-- wp:paragraph -->\n<p>Kada pristupate na\u0161im web stranicama, va\u0161 preglednik se pomo\u0107u ovog dodatka izravno povezuje na Facebookov poslu\u017eitelj. Facebook time dobiva informaciju da ste s va\u0161e IP adrese posjetili na\u0161u internetsku stranicu. Ako kliknete na Facebook tipku \u201dLike\u201d dok ste prijavljeni s va\u0161im Facebook ra\u010dunom, mo\u017eete povezati sadr\u017eaj na\u0161ih web stranica s va\u0161im Facebook profilom. Na taj na\u010din Facebook mo\u017ee povezati va\u0161 posjet na\u0161im web stranicama s va\u0161im korisni\u010dkim ra\u010dunom. Nagla\u0161avamo da mi kao pru\u017eatelji ovih web stranica nemamo saznanja o sadr\u017eaju podataka koji se prenose do Facebooka te kako ih Facebook koristi. Za vi\u0161e informacija pogledajte izjavu o privatnosti Facebooka koja se nalazi na adresi http:\/\/de-de.facebook.com\/policy.php.<\/p>\n<!-- \/wp:paragraph -->\n\n<!-- wp:paragraph -->\n<p><strong>6.\u00a0DODATAK ZA ADDTHIS<\/strong><\/p>\n<!-- \/wp:paragraph -->\n\n<!-- wp:paragraph -->\n<p>Na\u0161a web stranica tako\u0111er koristi dodatak za zapisivanje pristupa stranicama dru\u0161tvenih mre\u017ea koji pru\u017ea Oracle Corporation, 500 Oracle Parkway, Redwood Shores, CA 94065 (u nastavku \u201cOracle\u201d). Pomo\u0107u AddThis, Oracle nam tako\u0111er omogu\u0107uje usluge analize web stranica. Za implementaciju opisanih funkcija AddThis koristi kola\u010di\u0107e. Oracle prikuplja podatke kao \u0161to su va\u0161a IP adresa ili va\u0161e pona\u0161anje na na\u0161oj web stranici kako bi ocijenio va\u0161e kori\u0161tenje na\u0161e web stranice te kreirao anonimno izvje\u0161\u0107e o web aktivnostima. Ove informacije Oracle koristi u cilju pru\u017eanja usluga ciljanog ogla\u0161avanja. Oracle mo\u017ee prikupljene podatke prenijeti na svoje poslu\u017eitelje ili tre\u0107im stranama izvan Europske unije\/Europskog gospodarskog prostora.<\/p>\n<!-- \/wp:paragraph -->\n\n<!-- wp:paragraph -->\n<p>Ostale pojedinosti vezane uz kategorije prikupljenih podataka i njihove obrade dostupne su na&nbsp;<a href=\"https:\/\/www.addthis.com\/privacy\/privacy-policy\">http:\/\/www.addthis.com\/privacy\/privacy-policy&nbsp;<\/a>.<\/p>\n<!-- \/wp:paragraph -->\n\n<!-- wp:paragraph -->\n<p>Svoj prigovor vezan uz prikupljanje podataka od strane Oraclea mo\u017eete dati slijede\u0107i upute na&nbsp;<a href=\"http:\/\/www.youronlinechoices.eu\/\">http:\/\/www.youronlinechoices.eu\/&nbsp;<\/a>.<\/p>\n<!-- \/wp:paragraph -->\n\n<!-- wp:paragraph -->\n<p><strong>7.\u00a0SVRHE U KOJU SE KORISTE VA\u0160I PODACI<\/strong><\/p>\n<!-- \/wp:paragraph -->\n\n<!-- wp:paragraph -->\n<p>Koristit \u0107emo va\u0161e osobne podatke kako bismo vam pru\u017eili ovu web stranicu, izradili statistiku kori\u0161tenja, pobolj\u0161ali i dalje razvijali ovu web stranicu, kako bi vam pru\u017eili usluge nekretnina, konzultantske usluge, pru\u017eili pravno mi\u0161ljenje,&nbsp;odgovorili na va\u0161e zahtjeve i poruke, poslali na\u0161e newsletter ako ste se pretplatili na isti, kako bismo vas kontaktirali o nekretninama koje vas mogu zanimati te analizirali va\u0161e podatke u skupnom obliku u svrhu poslovne inteligencije.<\/p>\n<!-- \/wp:paragraph -->\n\n<!-- wp:paragraph -->\n<p><strong>8.\u00a0ZAKONSKA OSNOVA ZA OBRADU <\/strong><\/p>\n<!-- \/wp:paragraph -->\n\n<!-- wp:paragraph -->\n<p>Zakonska osnova za obradu va\u0161ih podataka bit \u0107e na\u0161 najva\u017eniji legitimni interes (od 25. svibnja 2018., sukladno \u010dlanku 6. stavku 1. to\u010dci (f) Op\u0107e Uredbe o za\u0161titi podataka EU-a).<\/p>\n<!-- \/wp:paragraph -->\n\n<!-- wp:paragraph -->\n<p><strong>9.RAZDOBLJA ZADR\u017dAVANJA<\/strong><\/p>\n<!-- \/wp:paragraph -->\n\n<!-- wp:paragraph -->\n<p>Zadr\u017eati&nbsp;\u0107emo va\u0161e podatke najdu\u017ee \u0161est mjeseci. Bez obzira na gore navedeno, ako ste se prijavili na na\u0161 newsletter (obavijesti), zadr\u017eat \u0107emo va\u0161u e-mail adresu sve dok ne odjavite na\u0161 newsletter.<\/p>\n<!-- \/wp:paragraph -->\n\n<!-- wp:paragraph -->\n<p><strong>10.VA\u0160A PRAVA I PRAVNA SREDSTVA<\/strong><\/p>\n<!-- \/wp:paragraph -->\n\n<!-- wp:paragraph -->\n<p>Prema va\u017ee\u0107em zakonu o za\u0161titi podataka, imate prava (i) provjeriti da li i koje vrste osobnih podataka posjedujemo o vama te dobiti pristup ili zatra\u017eiti kopije takvih podataka, (ii) zatra\u017eiti ispravak, dopunu ili brisanje osobnih podataka o vama koji su neto\u010dni ili obra\u0111eni u suprotnosti s va\u017ee\u0107im propisima, (iii) zatra\u017eiti od nas da ograni\u010dimo prikupljanje, obradu ili kori\u0161tenje osobnih podataka o vama, (iv) u odre\u0111enim okolnostima, iz opravdanih razloga zabraniti obradu va\u0161ih osobnih podataka (v) u mjeri u kojoj su va\u0161i podaci obra\u0111eni na temelju va\u0161e suglasnosti, zatra\u017eiti mogu\u0107nost prijenosa podataka, (vi) poznavati identitet tre\u0107ih osoba kojima se prenose va\u0161i osobni podaci i (vii) dati upute o tome kako se va\u0161i podaci moraju obraditi nakon smrti, ako se to dogodi. U slu\u010daju bilo kakvih pritu\u017ebi, tako\u0111er imate pravo podnijeti \u017ealbu nadle\u017enoj ustanovi za za\u0161titu podataka.<\/p>\n<!-- \/wp:paragraph -->\n\n<!-- wp:paragraph -->\n<p><strong>11. PROMJENE POLITIKE PRIVATNOSTI<\/strong><\/p>\n<!-- \/wp:paragraph -->\n\n<!-- wp:paragraph -->\n<p>Politiku privatnosti redovito a\u017euriramo kako bi ista bila to\u010dna i a\u017eurna te zadr\u017eavamo pravo promjene sadr\u017eaja iste ako smatramo da je to nu\u017eno. O svim izmjenama i dopunama&nbsp; biti \u0107ete pravovremeno informirani putem na\u0161e internetske stranice u skladu s na\u010delom transparentnosti.<\/p>\n<!-- \/wp:paragraph -->","_et_gb_content_width":"","footnotes":""},"class_list":["post-3","page","type-page","status-publish","hentry"],"acf":[],"_links":{"self":[{"href":"https:\/\/greenify-invest.com\/en\/wp-json\/wp\/v2\/pages\/3","targetHints":{"allow":["GET"]}}],"collection":[{"href":"https:\/\/greenify-invest.com\/en\/wp-json\/wp\/v2\/pages"}],"about":[{"href":"https:\/\/greenify-invest.com\/en\/wp-json\/wp\/v2\/types\/page"}],"author":[{"embeddable":true,"href":"https:\/\/greenify-invest.com\/en\/wp-json\/wp\/v2\/users\/1"}],"replies":[{"embeddable":true,"href":"https:\/\/greenify-invest.com\/en\/wp-json\/wp\/v2\/comments?post=3"}],"version-history":[{"count":0,"href":"https:\/\/greenify-invest.com\/en\/wp-json\/wp\/v2\/pages\/3\/revisions"}],"wp:attachment":[{"href":"https:\/\/greenify-invest.com\/en\/wp-json\/wp\/v2\/media?parent=3"}],"curies":[{"name":"wp","href":"https:\/\/api.w.org\/{rel}","templated":true}]}}